{"id":242589,"date":"2023-03-09T22:13:22","date_gmt":"2023-03-09T22:13:22","guid":{"rendered":"https:\/\/seniorbaja.com\/loginwp\/?page_id=242589"},"modified":"2023-03-21T13:37:46","modified_gmt":"2023-03-21T20:37:46","slug":"servicios","status":"publish","type":"page","link":"https:\/\/seniorbaja.com\/loginwp\/servicios\/","title":{"rendered":"Servicios"},"content":{"rendered":"<p>[et_pb_section fb_built=\u00bb1&#8243; make_equal=\u00bbon\u00bb use_custom_gutter=\u00bbon\u00bb gutter_width=\u00bb2&#8243; specialty=\u00bbon\u00bb module_class_1=\u00bbservices_desc_col_1&#8243; module_class_2=\u00bbservices_desc_col_2&#8243; admin_label=\u00bbSecci\u00f3n\u00bb module_class=\u00bbservices_desc_section\u00bb _builder_version=\u00bb4.20.0&#8243; _module_preset=\u00bbdefault\u00bb inner_max_width=\u00bb1600px\u00bb custom_padding=\u00bb3px|||||\u00bb global_colors_info=\u00bb{}\u00bb][et_pb_column type=\u00bb1_2&#8243; specialty_columns=\u00bb2&#8243; _builder_version=\u00bb4.16&#8243; custom_padding=\u00bb|||\u00bb global_colors_info=\u00bb{}\u00bb custom_padding__hover=\u00bb|||\u00bb][et_pb_row_inner module_class=\u00bbservices_desc_col_1_row\u00bb _builder_version=\u00bb4.20.0&#8243; _module_preset=\u00bbdefault\u00bb custom_padding=\u00bb29px|||||\u00bb global_colors_info=\u00bb{}\u00bb][et_pb_column_inner saved_specialty_column_type=\u00bb1_2&#8243; _builder_version=\u00bb4.19.4&#8243; _module_preset=\u00bbdefault\u00bb global_colors_info=\u00bb{}\u00bb][et_pb_text module_class=\u00bbtexto-beneficio\u00bb _builder_version=\u00bb4.20.0&#8243; _module_preset=\u00bbdefault\u00bb text_font=\u00bb||||||||\u00bb text_font_size=\u00bb1px\u00bb text_line_height=\u00bb1.5em\u00bb header_font=\u00bb|300|||||||\u00bb header_line_height=\u00bb51px\u00bb header_2_font=\u00bb||||||||\u00bb background_layout=\u00bbdark\u00bb width=\u00bb100%\u00bb animation_style=\u00bbslide\u00bb global_colors_info=\u00bb{}\u00bb]<\/p>\n<h1 style=\"text-align: left;\"><span style=\"color: #999999;\">Permite a nuestro conserje, cocineros, personal de limpieza y asistentes encargarse de todo.<br \/>\n<\/span><\/h1>\n<p>[\/et_pb_text][et_pb_image src=\u00bbhttps:\/\/seniorbaja.com\/loginwp\/wp-content\/uploads\/2023\/02\/adobestock_104146232.jpg\u00bb title_text=\u00bbSenior woman embracing man at home\u00bb module_class=\u00bbservices_desc_col_1_img\u00bb _builder_version=\u00bb4.20.0&#8243; _module_preset=\u00bbdefault\u00bb animation_style=\u00bbslide\u00bb animation_direction=\u00bbbottom\u00bb global_colors_info=\u00bb{}\u00bb][\/et_pb_image][\/et_pb_column_inner][\/et_pb_row_inner][\/et_pb_column][et_pb_column type=\u00bb1_2&#8243; _builder_version=\u00bb4.16&#8243; custom_padding=\u00bb|||\u00bb global_colors_info=\u00bb{}\u00bb custom_padding__hover=\u00bb|||\u00bb][et_pb_image src=\u00bbhttps:\/\/seniorbaja.com\/loginwp\/wp-content\/uploads\/2023\/02\/shutterstock_554965369.jpg\u00bb title_text=\u00bbshutterstock_554965369&#8243; admin_label=\u00bbImagen\u00bb module_class=\u00bbservices_desc_col_2_img\u00bb _builder_version=\u00bb4.20.0&#8243; _module_preset=\u00bbdefault\u00bb custom_padding=\u00bb|0px||||\u00bb animation_style=\u00bbslide\u00bb animation_direction=\u00bbtop\u00bb global_colors_info=\u00bb{}\u00bb][\/et_pb_image][et_pb_text module_class=\u00bbservices_desc_col_2_text\u00bb _builder_version=\u00bb4.20.0&#8243; _module_preset=\u00bbdefault\u00bb text_text_color=\u00bb#757575&#8243; animation_style=\u00bbslide\u00bb animation_direction=\u00bbright\u00bb global_colors_info=\u00bb{}\u00bb]<span style=\"color: #999999;\"><strong>Ofrecemos una opci\u00f3n de vida para todos aquellos que buscan una alternativa m\u00e1s econ\u00f3mica en el cuidado de sus seres queridos. Con una variedad de opciones de cuidado y servicios para quienes necesitan asistencia extra y servicio m\u00e9dico de calidad. Personal profesional y calificado. As\u00ed como enfermeras en turno las 24 horas.<\/strong><\/span>[\/et_pb_text][\/et_pb_column][\/et_pb_section][et_pb_section fb_built=\u00bb1&#8243; prev_background_color=\u00bb#ffffff\u00bb module_class=\u00bbservice_list_section\u00bb _builder_version=\u00bb4.20.0&#8243; _module_preset=\u00bbdefault\u00bb background_color=\u00bb#f7f7f7&#8243; custom_padding=\u00bb36px|||||\u00bb top_divider_style=\u00bbtriangle\u00bb top_divider_height=\u00bb35px\u00bb top_divider_flip=\u00bbvertical\u00bb global_colors_info=\u00bb{}\u00bb][et_pb_row column_structure=\u00bb1_2,1_2&#8243; use_custom_gutter=\u00bbon\u00bb module_class=\u00bbservice_list_row\u00bb _builder_version=\u00bb4.20.0&#8243; _module_preset=\u00bbdefault\u00bb animation_style=\u00bbfold\u00bb global_colors_info=\u00bb{}\u00bb][et_pb_column type=\u00bb1_2&#8243; _builder_version=\u00bb4.20.0&#8243; _module_preset=\u00bbdefault\u00bb global_colors_info=\u00bb{}\u00bb][et_pb_blurb image=\u00bbhttps:\/\/seniorbaja.com\/loginwp\/wp-content\/uploads\/2023\/02\/services-icons-01.png\u00bb icon_placement=\u00bbleft\u00bb module_class=\u00bbservice_blurb\u00bb _builder_version=\u00bb4.20.0&#8243; _module_preset=\u00bbdefault\u00bb body_text_color=\u00bb#989495&#8243; global_colors_info=\u00bb{}\u00bb body_text_color__hover_enabled=\u00bboff|desktop\u00bb]Cuartos privados con ba\u00f1o[\/et_pb_blurb][et_pb_blurb image=\u00bbhttps:\/\/seniorbaja.com\/loginwp\/wp-content\/uploads\/2023\/02\/services-icons-02.png\u00bb icon_placement=\u00bbleft\u00bb module_class=\u00bbservice_blurb\u00bb _builder_version=\u00bb4.20.0&#8243; _module_preset=\u00bbdefault\u00bb body_text_color=\u00bb#989495&#8243; global_colors_info=\u00bb{}\u00bb body_text_color__hover_enabled=\u00bboff|desktop\u00bb]Cuartos privados y compartidos[\/et_pb_blurb][et_pb_blurb image=\u00bbhttps:\/\/seniorbaja.com\/loginwp\/wp-content\/uploads\/2023\/02\/services-icons-03.png\u00bb icon_placement=\u00bbleft\u00bb module_class=\u00bbservice_blurb\u00bb _builder_version=\u00bb4.20.0&#8243; _module_preset=\u00bbdefault\u00bb body_text_color=\u00bb#989495&#8243; global_colors_info=\u00bb{}\u00bb body_text_color__hover_enabled=\u00bboff|desktop\u00bb]Cuidado individual y en parejas[\/et_pb_blurb][et_pb_blurb image=\u00bbhttps:\/\/seniorbaja.com\/loginwp\/wp-content\/uploads\/2023\/02\/services-icons-04.png\u00bb icon_placement=\u00bbleft\u00bb module_class=\u00bbservice_blurb\u00bb _builder_version=\u00bb4.20.0&#8243; _module_preset=\u00bbdefault\u00bb body_text_color=\u00bb#989495&#8243; global_colors_info=\u00bb{}\u00bb body_text_color__hover_enabled=\u00bboff|desktop\u00bb]Comidas hecha en casa[\/et_pb_blurb][et_pb_blurb image=\u00bbhttps:\/\/seniorbaja.com\/loginwp\/wp-content\/uploads\/2023\/02\/services-icons-05.png\u00bb icon_placement=\u00bbleft\u00bb module_class=\u00bbservice_blurb\u00bb _builder_version=\u00bb4.20.0&#8243; _module_preset=\u00bbdefault\u00bb body_text_color=\u00bb#989495&#8243; global_colors_info=\u00bb{}\u00bb body_text_color__hover_enabled=\u00bboff|desktop\u00bb]Servicio de lavander\u00eda[\/et_pb_blurb][et_pb_blurb image=\u00bbhttps:\/\/seniorbaja.com\/loginwp\/wp-content\/uploads\/2023\/02\/services-icons-07.png\u00bb icon_placement=\u00bbleft\u00bb module_class=\u00bbservice_blurb\u00bb _builder_version=\u00bb4.20.0&#8243; _module_preset=\u00bbdefault\u00bb body_text_color=\u00bb#989495&#8243; global_colors_info=\u00bb{}\u00bb body_text_color__hover_enabled=\u00bboff|desktop\u00bb]Conserje[\/et_pb_blurb][et_pb_blurb image=\u00bbhttps:\/\/seniorbaja.com\/loginwp\/wp-content\/uploads\/2023\/02\/services-icons-08.png\u00bb icon_placement=\u00bbleft\u00bb module_class=\u00bbservice_blurb\u00bb _builder_version=\u00bb4.20.0&#8243; _module_preset=\u00bbdefault\u00bb body_text_color=\u00bb#989495&#8243; global_colors_info=\u00bb{}\u00bb body_text_color__hover_enabled=\u00bboff|desktop\u00bb]Cuidado personal[\/et_pb_blurb][\/et_pb_column][et_pb_column type=\u00bb1_2&#8243; _builder_version=\u00bb4.20.0&#8243; _module_preset=\u00bbdefault\u00bb global_colors_info=\u00bb{}\u00bb][et_pb_blurb image=\u00bbhttps:\/\/seniorbaja.com\/loginwp\/wp-content\/uploads\/2023\/03\/services-icons-09.png\u00bb icon_placement=\u00bbleft\u00bb module_class=\u00bbservice_blurb\u00bb _builder_version=\u00bb4.20.0&#8243; _module_preset=\u00bbdefault\u00bb body_text_color=\u00bb#989495&#8243; global_colors_info=\u00bb{}\u00bb body_text_color__hover_enabled=\u00bboff|desktop\u00bb]Actividades diarias[\/et_pb_blurb][et_pb_blurb image=\u00bbhttps:\/\/seniorbaja.com\/loginwp\/wp-content\/uploads\/2023\/02\/services-icons-11.png\u00bb icon_placement=\u00bbleft\u00bb admin_label=\u00bbAnuncio\u00bb module_class=\u00bbservice_blurb\u00bb _builder_version=\u00bb4.20.0&#8243; _module_preset=\u00bbdefault\u00bb body_text_color=\u00bb#989495&#8243; global_colors_info=\u00bb{}\u00bb body_text_color__hover_enabled=\u00bboff|desktop\u00bb]Personal biling\u00fce[\/et_pb_blurb][et_pb_blurb image=\u00bbhttps:\/\/seniorbaja.com\/loginwp\/wp-content\/uploads\/2023\/03\/services-icons-09.png\u00bb icon_placement=\u00bbleft\u00bb module_class=\u00bbservice_blurb\u00bb _builder_version=\u00bb4.20.0&#8243; _module_preset=\u00bbdefault\u00bb body_text_color=\u00bb#989495&#8243; global_colors_info=\u00bb{}\u00bb body_text_color__hover_enabled=\u00bboff|desktop\u00bb]Servicio de enfermer\u00eda 24 hrs[\/et_pb_blurb][et_pb_blurb image=\u00bbhttps:\/\/seniorbaja.com\/loginwp\/wp-content\/uploads\/2023\/02\/services-icons-12.png\u00bb icon_placement=\u00bbleft\u00bb module_class=\u00bbservice_blurb\u00bb _builder_version=\u00bb4.20.0&#8243; _module_preset=\u00bbdefault\u00bb body_text_color=\u00bb#989495&#8243; global_colors_info=\u00bb{}\u00bb body_text_color__hover_enabled=\u00bboff|desktop\u00bb]Visitas de Doctor bajo petici\u00f3n[\/et_pb_blurb][et_pb_blurb image=\u00bbhttps:\/\/seniorbaja.com\/loginwp\/wp-content\/uploads\/2023\/02\/services-icons-13.png\u00bb icon_placement=\u00bbleft\u00bb module_class=\u00bbservice_blurb\u00bb _builder_version=\u00bb4.20.0&#8243; _module_preset=\u00bbdefault\u00bb body_text_color=\u00bb#989495&#8243; global_colors_info=\u00bb{}\u00bb body_text_color__hover_enabled=\u00bboff|desktop\u00bb]Compa\u00f1\u00eda personal[\/et_pb_blurb][et_pb_blurb image=\u00bbhttps:\/\/seniorbaja.com\/loginwp\/wp-content\/uploads\/2023\/02\/services-icons-14.png\u00bb icon_placement=\u00bbleft\u00bb module_class=\u00bbservice_blurb\u00bb _builder_version=\u00bb4.20.0&#8243; _module_preset=\u00bbdefault\u00bb body_text_color=\u00bb#989495&#8243; global_colors_info=\u00bb{}\u00bb body_text_color__hover_enabled=\u00bboff|desktop\u00bb]Administraci\u00f3n de medicamentos[\/et_pb_blurb][et_pb_blurb image=\u00bbhttps:\/\/seniorbaja.com\/loginwp\/wp-content\/uploads\/2023\/02\/security-15.png\u00bb icon_placement=\u00bbleft\u00bb module_class=\u00bbservice_blurb\u00bb _builder_version=\u00bb4.20.0&#8243; _module_preset=\u00bbdefault\u00bb body_text_color=\u00bb#989495&#8243; global_colors_info=\u00bb{}\u00bb body_text_color__hover_enabled=\u00bboff|desktop\u00bb]Casas seguras con camaras.[\/et_pb_blurb][\/et_pb_column][\/et_pb_row][et_pb_row module_class=\u00bbterm_row\u00bb _builder_version=\u00bb4.20.0&#8243; _module_preset=\u00bbdefault\u00bb width=\u00bb90%\u00bb max_width=\u00bb1170px\u00bb custom_padding=\u00bb23px|||||\u00bb animation_direction=\u00bbtop\u00bb global_colors_info=\u00bb{}\u00bb][et_pb_column type=\u00bb4_4&#8243; _builder_version=\u00bb4.19.4&#8243; _module_preset=\u00bbdefault\u00bb global_colors_info=\u00bb{}\u00bb][et_pb_cta title=\u00bbTarifas mensuales sujetas a:\u00bb button_text=\u00bbClics\u00bb module_class=\u00bbterm_spicification\u00bb _builder_version=\u00bb4.20.0&#8243; _module_preset=\u00bbdefault\u00bb header_font=\u00bbArial|600|||||||\u00bb header_text_color=\u00bb#3c3c3c\u00bb header_font_size=\u00bb15px\u00bb header_line_height=\u00bb1.5em\u00bb body_font=\u00bbArial||||||||\u00bb body_text_color=\u00bbrgba(0,0,0,0.5)\u00bb background_color=\u00bb#FFFFFF\u00bb animation_style=\u00bbslide\u00bb animation_direction=\u00bbleft\u00bb global_colors_info=\u00bb{}\u00bb body_text_color__hover_enabled=\u00bbon|hover\u00bb body_text_color__hover=\u00bb#FFFFFF\u00bb header_text_color__hover_enabled=\u00bbon|hover\u00bb header_text_color__hover=\u00bb#FFFFFF\u00bb background__hover_enabled=\u00bbon|hover\u00bb background_color__hover=\u00bb#485a8c\u00bb background_enable_color__hover=\u00bbon\u00bb]Tipo de cuarto (privado o compartido).<br \/>\nLNivel de cuidados requeridos. Es requisito de admisi\u00f3n una evaluaci\u00f3n f\u00edsica de<br \/>\nnuestros candidatos, en donde la movilidad y necesidades especiales son<br \/>\ntomadas en consideraci\u00f3n.[\/et_pb_cta][et_pb_cta title=\u00bbCuidado a corto plazo:\u00bb button_text=\u00bbClics\u00bb module_class=\u00bbterm_spicification term_spicification_list\u00bb _builder_version=\u00bb4.20.0&#8243; _module_preset=\u00bbdefault\u00bb header_font=\u00bbArial|600|||||||\u00bb header_text_color=\u00bb#3c3c3c\u00bb header_font_size=\u00bb15px\u00bb header_line_height=\u00bb1.5em\u00bb body_font=\u00bbArial||||||||\u00bb body_text_color=\u00bbrgba(0,0,0,0.5)\u00bb background_color=\u00bb#FFFFFF\u00bb animation_style=\u00bbslide\u00bb animation_direction=\u00bbright\u00bb global_colors_info=\u00bb{}\u00bb body_text_color__hover_enabled=\u00bbon|hover\u00bb body_text_color__hover=\u00bb#FFFFFF\u00bb header_text_color__hover_enabled=\u00bbon|hover\u00bb header_text_color__hover=\u00bb#FFFFFF\u00bb background__hover_enabled=\u00bbon|hover\u00bb background_color__hover=\u00bb#485a8c\u00bb background_enable_color__hover=\u00bbon\u00bb]<\/p>\n<p>Disponible cuidado temporal para el alivio de las familias que cuidan de un ser querido dependiente y necesitan ayuda adicional cuando van a trabajar, de vacaciones, o hacer diligencias.<\/p>\n<ul>\n<li>Cuidado de 6 horas con 1 comida y un tentempi\u00e9.<\/li>\n<li>Cuidado de 8 horas con 2 comida y tentempi\u00e9<\/li>\n<li>Cuidado de 10 horas con 3 comida y tentempi\u00e9<\/li>\n<li>Cuidado de 24 horas con 3 comida y tentempi\u00e9<\/li>\n<\/ul>\n<p>[\/et_pb_cta][\/et_pb_column][\/et_pb_row][\/et_pb_section]<\/p>\n","protected":false},"excerpt":{"rendered":"<p>Permite a nuestro conserje, cocineros, personal de limpieza y asistentes encargarse de todo. Ofrecemos una opci\u00f3n de vida para todos aquellos que buscan una alternativa m\u00e1s econ\u00f3mica en el cuidado de sus seres queridos. Con una variedad de opciones de cuidado y servicios para quienes necesitan asistencia extra y servicio m\u00e9dico de calidad. Personal profesional [&hellip;]<\/p>\n","protected":false},"author":1,"featured_media":0,"parent":0,"menu_order":0,"comment_status":"closed","ping_status":"closed","template":"","meta":{"_acf_changed":false,"_et_pb_use_builder":"on","_et_pb_old_content":"<!-- wp:divi\/placeholder \/-->","_et_gb_content_width":"","om_disable_all_campaigns":false,"_monsterinsights_skip_tracking":false,"_monsterinsights_sitenote_active":false,"_monsterinsights_sitenote_note":"","_monsterinsights_sitenote_category":0,"footnotes":""},"class_list":["post-242589","page","type-page","status-publish","hentry"],"acf":[],"yoast_head":"<!-- This site is optimized with the Yoast SEO plugin v25.5 - https:\/\/yoast.com\/wordpress\/plugins\/seo\/ -->\n<title>Nuestros Servicios | Senior Care Baja Tijuana<\/title>\n<meta name=\"description\" content=\"Conoce los servicios que te ofrecemos en Senior Care Baja para el cuidado de personas mayores. No dudes en contactarnos para obtener m\u00e1s informaci\u00f3n.\" \/>\n<meta name=\"robots\" content=\"index, follow, max-snippet:-1, max-image-preview:large, max-video-preview:-1\" \/>\n<link rel=\"canonical\" href=\"https:\/\/seniorbaja.com\/loginwp\/servicios\/\" \/>\n<meta property=\"og:locale\" content=\"es_ES\" \/>\n<meta property=\"og:type\" content=\"article\" \/>\n<meta property=\"og:title\" content=\"Nuestros Servicios | Senior Care Baja Tijuana\" \/>\n<meta property=\"og:description\" content=\"Conoce los servicios que te ofrecemos en Senior Care Baja para el cuidado de personas mayores. No dudes en contactarnos para obtener m\u00e1s informaci\u00f3n.\" \/>\n<meta property=\"og:url\" content=\"https:\/\/seniorbaja.com\/loginwp\/servicios\/\" \/>\n<meta property=\"og:site_name\" content=\"Senior Care\" \/>\n<meta property=\"article:modified_time\" content=\"2023-03-21T20:37:46+00:00\" \/>\n<meta property=\"og:image\" content=\"https:\/\/seniorbaja.com\/loginwp\/wp-content\/uploads\/2023\/02\/logo-senior-care-baja.png\" \/>\n\t<meta property=\"og:image:width\" content=\"147\" \/>\n\t<meta property=\"og:image:height\" content=\"80\" \/>\n\t<meta property=\"og:image:type\" content=\"image\/png\" \/>\n<meta name=\"twitter:card\" content=\"summary_large_image\" \/>\n<meta name=\"twitter:label1\" content=\"Tiempo de lectura\" \/>\n\t<meta name=\"twitter:data1\" content=\"3 minutos\" \/>\n<script type=\"application\/ld+json\" class=\"yoast-schema-graph\">{\"@context\":\"https:\/\/schema.org\",\"@graph\":[{\"@type\":\"WebPage\",\"@id\":\"https:\/\/seniorbaja.com\/loginwp\/servicios\/\",\"url\":\"https:\/\/seniorbaja.com\/loginwp\/servicios\/\",\"name\":\"Nuestros Servicios | Senior Care Baja Tijuana\",\"isPartOf\":{\"@id\":\"https:\/\/seniorbaja.com\/loginwp\/#website\"},\"datePublished\":\"2023-03-09T22:13:22+00:00\",\"dateModified\":\"2023-03-21T20:37:46+00:00\",\"description\":\"Conoce los servicios que te ofrecemos en Senior Care Baja para el cuidado de personas mayores. No dudes en contactarnos para obtener m\u00e1s informaci\u00f3n.\",\"breadcrumb\":{\"@id\":\"https:\/\/seniorbaja.com\/loginwp\/servicios\/#breadcrumb\"},\"inLanguage\":\"es\",\"potentialAction\":[{\"@type\":\"ReadAction\",\"target\":[\"https:\/\/seniorbaja.com\/loginwp\/servicios\/\"]}]},{\"@type\":\"BreadcrumbList\",\"@id\":\"https:\/\/seniorbaja.com\/loginwp\/servicios\/#breadcrumb\",\"itemListElement\":[{\"@type\":\"ListItem\",\"position\":1,\"name\":\"Portada\",\"item\":\"https:\/\/seniorbaja.com\/loginwp\/\"},{\"@type\":\"ListItem\",\"position\":2,\"name\":\"Servicios\"}]},{\"@type\":\"WebSite\",\"@id\":\"https:\/\/seniorbaja.com\/loginwp\/#website\",\"url\":\"https:\/\/seniorbaja.com\/loginwp\/\",\"name\":\"Senior Care\",\"description\":\"Ofrecemos servicios de vida asistida para aquellos que est\u00e1n en busca de asilos en Tijuana M\u00e9xico. En Senior Care Baja contamos con personal las 24 horas.\",\"publisher\":{\"@id\":\"https:\/\/seniorbaja.com\/loginwp\/#organization\"},\"potentialAction\":[{\"@type\":\"SearchAction\",\"target\":{\"@type\":\"EntryPoint\",\"urlTemplate\":\"https:\/\/seniorbaja.com\/loginwp\/?s={search_term_string}\"},\"query-input\":{\"@type\":\"PropertyValueSpecification\",\"valueRequired\":true,\"valueName\":\"search_term_string\"}}],\"inLanguage\":\"es\"},{\"@type\":\"Organization\",\"@id\":\"https:\/\/seniorbaja.com\/loginwp\/#organization\",\"name\":\"Senior Care\",\"url\":\"https:\/\/seniorbaja.com\/loginwp\/\",\"logo\":{\"@type\":\"ImageObject\",\"inLanguage\":\"es\",\"@id\":\"https:\/\/seniorbaja.com\/loginwp\/#\/schema\/logo\/image\/\",\"url\":\"https:\/\/seniorbaja.com\/loginwp\/wp-content\/uploads\/2023\/03\/Logo.png\",\"contentUrl\":\"https:\/\/seniorbaja.com\/loginwp\/wp-content\/uploads\/2023\/03\/Logo.png\",\"width\":147,\"height\":80,\"caption\":\"Senior Care\"},\"image\":{\"@id\":\"https:\/\/seniorbaja.com\/loginwp\/#\/schema\/logo\/image\/\"}}]}<\/script>\n<!-- \/ Yoast SEO plugin. -->","yoast_head_json":{"title":"Nuestros Servicios | Senior Care Baja Tijuana","description":"Conoce los servicios que te ofrecemos en Senior Care Baja para el cuidado de personas mayores. No dudes en contactarnos para obtener m\u00e1s informaci\u00f3n.","robots":{"index":"index","follow":"follow","max-snippet":"max-snippet:-1","max-image-preview":"max-image-preview:large","max-video-preview":"max-video-preview:-1"},"canonical":"https:\/\/seniorbaja.com\/loginwp\/servicios\/","og_locale":"es_ES","og_type":"article","og_title":"Nuestros Servicios | Senior Care Baja Tijuana","og_description":"Conoce los servicios que te ofrecemos en Senior Care Baja para el cuidado de personas mayores. No dudes en contactarnos para obtener m\u00e1s informaci\u00f3n.","og_url":"https:\/\/seniorbaja.com\/loginwp\/servicios\/","og_site_name":"Senior Care","article_modified_time":"2023-03-21T20:37:46+00:00","og_image":[{"width":147,"height":80,"url":"https:\/\/seniorbaja.com\/loginwp\/wp-content\/uploads\/2023\/02\/logo-senior-care-baja.png","type":"image\/png"}],"twitter_card":"summary_large_image","twitter_misc":{"Tiempo de lectura":"3 minutos"},"schema":{"@context":"https:\/\/schema.org","@graph":[{"@type":"WebPage","@id":"https:\/\/seniorbaja.com\/loginwp\/servicios\/","url":"https:\/\/seniorbaja.com\/loginwp\/servicios\/","name":"Nuestros Servicios | Senior Care Baja Tijuana","isPartOf":{"@id":"https:\/\/seniorbaja.com\/loginwp\/#website"},"datePublished":"2023-03-09T22:13:22+00:00","dateModified":"2023-03-21T20:37:46+00:00","description":"Conoce los servicios que te ofrecemos en Senior Care Baja para el cuidado de personas mayores. No dudes en contactarnos para obtener m\u00e1s informaci\u00f3n.","breadcrumb":{"@id":"https:\/\/seniorbaja.com\/loginwp\/servicios\/#breadcrumb"},"inLanguage":"es","potentialAction":[{"@type":"ReadAction","target":["https:\/\/seniorbaja.com\/loginwp\/servicios\/"]}]},{"@type":"BreadcrumbList","@id":"https:\/\/seniorbaja.com\/loginwp\/servicios\/#breadcrumb","itemListElement":[{"@type":"ListItem","position":1,"name":"Portada","item":"https:\/\/seniorbaja.com\/loginwp\/"},{"@type":"ListItem","position":2,"name":"Servicios"}]},{"@type":"WebSite","@id":"https:\/\/seniorbaja.com\/loginwp\/#website","url":"https:\/\/seniorbaja.com\/loginwp\/","name":"Senior Care","description":"Ofrecemos servicios de vida asistida para aquellos que est\u00e1n en busca de asilos en Tijuana M\u00e9xico. En Senior Care Baja contamos con personal las 24 horas.","publisher":{"@id":"https:\/\/seniorbaja.com\/loginwp\/#organization"},"potentialAction":[{"@type":"SearchAction","target":{"@type":"EntryPoint","urlTemplate":"https:\/\/seniorbaja.com\/loginwp\/?s={search_term_string}"},"query-input":{"@type":"PropertyValueSpecification","valueRequired":true,"valueName":"search_term_string"}}],"inLanguage":"es"},{"@type":"Organization","@id":"https:\/\/seniorbaja.com\/loginwp\/#organization","name":"Senior Care","url":"https:\/\/seniorbaja.com\/loginwp\/","logo":{"@type":"ImageObject","inLanguage":"es","@id":"https:\/\/seniorbaja.com\/loginwp\/#\/schema\/logo\/image\/","url":"https:\/\/seniorbaja.com\/loginwp\/wp-content\/uploads\/2023\/03\/Logo.png","contentUrl":"https:\/\/seniorbaja.com\/loginwp\/wp-content\/uploads\/2023\/03\/Logo.png","width":147,"height":80,"caption":"Senior Care"},"image":{"@id":"https:\/\/seniorbaja.com\/loginwp\/#\/schema\/logo\/image\/"}}]}},"_links":{"self":[{"href":"https:\/\/seniorbaja.com\/loginwp\/wp-json\/wp\/v2\/pages\/242589","targetHints":{"allow":["GET"]}}],"collection":[{"href":"https:\/\/seniorbaja.com\/loginwp\/wp-json\/wp\/v2\/pages"}],"about":[{"href":"https:\/\/seniorbaja.com\/loginwp\/wp-json\/wp\/v2\/types\/page"}],"author":[{"embeddable":true,"href":"https:\/\/seniorbaja.com\/loginwp\/wp-json\/wp\/v2\/users\/1"}],"replies":[{"embeddable":true,"href":"https:\/\/seniorbaja.com\/loginwp\/wp-json\/wp\/v2\/comments?post=242589"}],"version-history":[{"count":0,"href":"https:\/\/seniorbaja.com\/loginwp\/wp-json\/wp\/v2\/pages\/242589\/revisions"}],"wp:attachment":[{"href":"https:\/\/seniorbaja.com\/loginwp\/wp-json\/wp\/v2\/media?parent=242589"}],"curies":[{"name":"wp","href":"https:\/\/api.w.org\/{rel}","templated":true}]}}