{"id":242613,"date":"2023-03-09T23:49:13","date_gmt":"2023-03-09T23:49:13","guid":{"rendered":"https:\/\/seniorbaja.com\/loginwp\/?page_id=242613"},"modified":"2023-03-21T13:45:23","modified_gmt":"2023-03-21T20:45:23","slug":"locacion","status":"publish","type":"page","link":"https:\/\/seniorbaja.com\/loginwp\/locacion\/","title":{"rendered":"Locaci\u00f3n"},"content":{"rendered":"<p>[et_pb_section fb_built=\u00bb1&#8243; fullwidth=\u00bbon\u00bb disabled_on=\u00bboff|off|off\u00bb _builder_version=\u00bb4.20.0&#8243; _module_preset=\u00bbdefault\u00bb global_colors_info=\u00bb{}\u00bb][et_pb_fullwidth_code _builder_version=\u00bb4.19.4&#8243; _module_preset=\u00bbdefault\u00bb global_colors_info=\u00bb{}\u00bb]<iframe src=\"https:\/\/www.google.com\/maps\/embed?pb=!1m14!1m8!1m3!1d1723583.4295773676!2d-116.931592!3d32.46269!3m2!1i1024!2i768!4f13.1!3m3!1m2!1s0x80d9390cb8d0f9e1%3A0x9cc69cd59af926d2!2sEstancia%20Tulipanes!5e0!3m2!1ses-419!2sus!4v1676759910910!5m2!1ses-419!2sus\" width=\"100%\" height=\"600\" style=\"border:0;\" allowfullscreen=\"\" loading=\"lazy\" referrerpolicy=\"no-referrer-when-downgrade\"><\/iframe>[\/et_pb_fullwidth_code][\/et_pb_section][et_pb_section fb_built=\u00bb1&#8243; module_class=\u00bbcontact_section\u00bb _builder_version=\u00bb4.20.0&#8243; _module_preset=\u00bbdefault\u00bb background_color=\u00bb#f7f7f7&#8243; animation_direction=\u00bbleft\u00bb global_colors_info=\u00bb{}\u00bb][et_pb_row column_structure=\u00bb2_5,3_5&#8243; use_custom_gutter=\u00bbon\u00bb gutter_width=\u00bb4&#8243; _builder_version=\u00bb4.20.0&#8243; _module_preset=\u00bbdefault\u00bb global_colors_info=\u00bb{}\u00bb][et_pb_column type=\u00bb2_5&#8243; _builder_version=\u00bb4.20.0&#8243; _module_preset=\u00bbdefault\u00bb animation_style=\u00bbslide\u00bb animation_direction=\u00bbleft\u00bb global_colors_info=\u00bb{}\u00bb][et_pb_text module_class=\u00bbcontact_headline location_headline\u00bb _builder_version=\u00bb4.20.0&#8243; _module_preset=\u00bbdefault\u00bb text_font_size=\u00bb20px\u00bb header_2_font=\u00bb|700|||||||\u00bb header_2_text_color=\u00bb#3c3c3c\u00bb header_2_font_size=\u00bb40px\u00bb global_colors_info=\u00bb{}\u00bb]<\/p>\n<h2><strong>Locaci\u00f3n y<br \/>Contacto <\/strong><\/h2>\n<p>[\/et_pb_text][et_pb_text module_class=\u00bbcontact_text\u00bb _builder_version=\u00bb4.20.0&#8243; _module_preset=\u00bbdefault\u00bb text_text_color=\u00bb#3c3c3c\u00bb text_font_size=\u00bb15px\u00bb text_line_height=\u00bb26px\u00bb global_colors_info=\u00bb{}\u00bb]<\/p>\n<p><strong>Ubicada en una de las ciudades fronterizas m\u00e1s importantes de M\u00e9xico, a solo un par de millas del cruce fronterizo internacional de San Ysidro, nuestra creciente comunidad en Tijuana goza de un clima c\u00e1lido durante todo el a\u00f1o y de la brisa fresca de la costa de Baja California.<\/strong><\/p>\n<p>[\/et_pb_text][et_pb_text module_class=\u00bbcotact_phones\u00bb _builder_version=\u00bb4.20.0&#8243; _module_preset=\u00bbdefault\u00bb text_font=\u00bb|700|||||||\u00bb text_text_color=\u00bb#3c3c3c\u00bb text_font_size=\u00bb30px\u00bb global_colors_info=\u00bb{}\u00bb]<strong>US 619 841 5618<\/strong><br \/>\n<strong>MX 664 799 6672<\/strong>[\/et_pb_text][et_pb_text module_class=\u00bbcontact_info\u00bb _builder_version=\u00bb4.20.0&#8243; _module_preset=\u00bbdefault\u00bb text_text_color=\u00bb#989495&#8243; text_font_size=\u00bb15px\u00bb global_colors_info=\u00bb{}\u00bb]<a href=\"#\">seniorbaja@gmail.com<\/a><\/p>\n<p>Horario 9:00 am to 5:00 pm<\/p>\n<p class=\"light-gray\">Tulipanes 9566, Jardines de La mesa, 22126 Tijuana BC<\/p>\n<p>[\/et_pb_text][\/et_pb_column][et_pb_column type=\u00bb3_5&#8243; _builder_version=\u00bb4.20.0&#8243; _module_preset=\u00bbdefault\u00bb animation_style=\u00bbslide\u00bb animation_direction=\u00bbright\u00bb global_colors_info=\u00bb{}\u00bb][et_pb_code module_class=\u00bbcontact_module\u00bb _builder_version=\u00bb4.20.0&#8243; _module_preset=\u00bbdefault\u00bb global_colors_info=\u00bb{}\u00bb]\n<div class=\"wpcf7 no-js\" id=\"wpcf7-f242710-o1\" lang=\"es-ES\" dir=\"ltr\" data-wpcf7-id=\"242710\">\n<div class=\"screen-reader-response\"><p role=\"status\" aria-live=\"polite\" aria-atomic=\"true\"><\/p> <ul><\/ul><\/div>\n<form action=\"\/loginwp\/wp-json\/wp\/v2\/pages\/242613#wpcf7-f242710-o1\" method=\"post\" class=\"wpcf7-form init\" aria-label=\"Formulario de contacto\" novalidate=\"novalidate\" data-status=\"init\">\n<fieldset class=\"hidden-fields-container\"><input type=\"hidden\" name=\"_wpcf7\" value=\"242710\" \/><input type=\"hidden\" name=\"_wpcf7_version\" value=\"6.1\" \/><input type=\"hidden\" name=\"_wpcf7_locale\" value=\"es_ES\" \/><input type=\"hidden\" name=\"_wpcf7_unit_tag\" value=\"wpcf7-f242710-o1\" \/><input type=\"hidden\" name=\"_wpcf7_container_post\" value=\"0\" \/><input type=\"hidden\" name=\"_wpcf7_posted_data_hash\" value=\"\" \/><input type=\"hidden\" name=\"_wpcf7_recaptcha_response\" value=\"\" \/>\n<\/fieldset>\n<div class=\"formulario dos_campos positivo\">\n\t<ul>\n\t\t<li>\n\t\t\t<p><span class=\"wpcf7-form-control-wrap\" data-name=\"name_contact\"><input size=\"40\" maxlength=\"400\" class=\"wpcf7-form-control wpcf7-text wpcf7-validates-as-required\" aria-required=\"true\" aria-invalid=\"false\" placeholder=\"Nombre\" value=\"\" type=\"text\" name=\"name_contact\" \/><\/span>\n\t\t\t<\/p>\n\t\t<\/li>\n\t\t<li>\n\t\t\t<p><span class=\"wpcf7-form-control-wrap\" data-name=\"email\"><input size=\"40\" maxlength=\"400\" class=\"wpcf7-form-control wpcf7-email wpcf7-validates-as-required wpcf7-text wpcf7-validates-as-email\" aria-required=\"true\" aria-invalid=\"false\" placeholder=\"E-mail\" value=\"\" type=\"email\" name=\"email\" \/><\/span>\n\t\t\t<\/p>\n\t\t<\/li>\n\t\t<li class=\"fullwidth\">\n\t\t\t<p><span class=\"wpcf7-form-control-wrap\" data-name=\"address\"><input size=\"40\" maxlength=\"400\" class=\"wpcf7-form-control wpcf7-text\" aria-invalid=\"false\" placeholder=\"Direcci\u00f3n\" value=\"\" type=\"text\" name=\"address\" \/><\/span>\n\t\t\t<\/p>\n\t\t<\/li>\n\t\t<li>\n\t\t\t<p><span class=\"wpcf7-form-control-wrap\" data-name=\"state\"><input size=\"40\" maxlength=\"400\" class=\"wpcf7-form-control wpcf7-text\" aria-invalid=\"false\" placeholder=\"Estado\" value=\"\" type=\"text\" name=\"state\" \/><\/span>\n\t\t\t<\/p>\n\t\t<\/li>\n\t\t<li>\n\t\t\t<p><span class=\"wpcf7-form-control-wrap\" data-name=\"city\"><input size=\"40\" maxlength=\"400\" class=\"wpcf7-form-control wpcf7-text\" aria-invalid=\"false\" placeholder=\"Ciudad\" value=\"\" type=\"text\" name=\"city\" \/><\/span>\n\t\t\t<\/p>\n\t\t<\/li>\n\t\t<li>\n\t\t\t<p><span class=\"wpcf7-form-control-wrap\" data-name=\"zip\"><input size=\"40\" maxlength=\"400\" class=\"wpcf7-form-control wpcf7-text\" aria-invalid=\"false\" placeholder=\"C.P.\" value=\"\" type=\"text\" name=\"zip\" \/><\/span>\n\t\t\t<\/p>\n\t\t<\/li>\n\t\t<li>\n\t\t\t<p><span class=\"wpcf7-form-control-wrap\" data-name=\"country\"><input size=\"40\" maxlength=\"400\" class=\"wpcf7-form-control wpcf7-text\" aria-invalid=\"false\" placeholder=\"Pa\u00eds\" value=\"\" type=\"text\" name=\"country\" \/><\/span>\n\t\t\t<\/p>\n\t\t<\/li>\n\t\t<li>\n\t\t\t<p><span class=\"wpcf7-form-control-wrap\" data-name=\"phone\"><input size=\"40\" maxlength=\"400\" class=\"wpcf7-form-control wpcf7-tel wpcf7-validates-as-required wpcf7-text wpcf7-validates-as-tel\" aria-required=\"true\" aria-invalid=\"false\" placeholder=\"N\u00famero de tel\u00e9fono\" value=\"\" type=\"tel\" name=\"phone\" \/><\/span>\n\t\t\t<\/p>\n\t\t<\/li>\n\t\t<li>\n\t\t\t<p><span class=\"wpcf7-form-control-wrap\" data-name=\"cell_phone\"><input size=\"40\" maxlength=\"400\" class=\"wpcf7-form-control wpcf7-tel wpcf7-text wpcf7-validates-as-tel\" aria-invalid=\"false\" placeholder=\"Celular\" value=\"\" type=\"tel\" name=\"cell_phone\" \/><\/span>\n\t\t\t<\/p>\n\t\t<\/li>\n\t\t<li class=\"message_row fullwidth\">\n\t\t\t<p><span class=\"wpcf7-form-control-wrap\" data-name=\"message\"><textarea cols=\"40\" rows=\"10\" maxlength=\"2000\" class=\"wpcf7-form-control wpcf7-textarea\" aria-invalid=\"false\" placeholder=\"Mensaje\" name=\"message\"><\/textarea><\/span>\n\t\t\t<\/p>\n\t\t<\/li>\n\t\t<li>\n\t\t\n\t\t<\/li>\n\t\t<li class=\"submit_row fullwidth\">\n\t\t\t<p><input class=\"wpcf7-form-control wpcf7-submit has-spinner\" type=\"submit\" value=\"Submit\" \/>\n\t\t\t<\/p>\n\t\t<\/li>\n\t<\/ul>\n<\/div><div class=\"wpcf7-response-output\" aria-hidden=\"true\"><\/div>\n<\/form>\n<\/div>\n[\/et_pb_code][\/et_pb_column][\/et_pb_row][\/et_pb_section]<\/p>\n","protected":false},"excerpt":{"rendered":"<p>Locaci\u00f3n yContacto Ubicada en una de las ciudades fronterizas m\u00e1s importantes de M\u00e9xico, a solo un par de millas del cruce fronterizo internacional de San Ysidro, nuestra creciente comunidad en Tijuana goza de un clima c\u00e1lido durante todo el a\u00f1o y de la brisa fresca de la costa de Baja California.US 619 841 5618 MX [&hellip;]<\/p>\n","protected":false},"author":1,"featured_media":0,"parent":0,"menu_order":0,"comment_status":"closed","ping_status":"closed","template":"","meta":{"_acf_changed":false,"_et_pb_use_builder":"on","_et_pb_old_content":"<!-- wp:divi\/placeholder \/-->","_et_gb_content_width":"","om_disable_all_campaigns":false,"_monsterinsights_skip_tracking":false,"_monsterinsights_sitenote_active":false,"_monsterinsights_sitenote_note":"","_monsterinsights_sitenote_category":0,"footnotes":""},"class_list":["post-242613","page","type-page","status-publish","hentry"],"acf":[],"yoast_head":"<!-- This site is optimized with the Yoast SEO plugin v25.5 - https:\/\/yoast.com\/wordpress\/plugins\/seo\/ -->\n<title>Locaci\u00f3n y Contacto | Senior Care Baja Tijuana<\/title>\n<meta name=\"description\" content=\"Si est\u00e1s buscando cuidados para mayores en Tijuana cont\u00e1ctanos o visitanos en cualquiera de nuestras locaciones. Senior Care Baja, tu mejor opci\u00f3n.\" \/>\n<meta name=\"robots\" content=\"index, follow, max-snippet:-1, max-image-preview:large, max-video-preview:-1\" \/>\n<link rel=\"canonical\" href=\"https:\/\/seniorbaja.com\/loginwp\/locacion\/\" \/>\n<meta property=\"og:locale\" content=\"es_ES\" \/>\n<meta property=\"og:type\" content=\"article\" \/>\n<meta property=\"og:title\" content=\"Locaci\u00f3n y Contacto | Senior Care Baja Tijuana\" \/>\n<meta property=\"og:description\" content=\"Si est\u00e1s buscando cuidados para mayores en Tijuana cont\u00e1ctanos o visitanos en cualquiera de nuestras locaciones. Senior Care Baja, tu mejor opci\u00f3n.\" \/>\n<meta property=\"og:url\" content=\"https:\/\/seniorbaja.com\/loginwp\/locacion\/\" \/>\n<meta property=\"og:site_name\" content=\"Senior Care\" \/>\n<meta property=\"article:modified_time\" content=\"2023-03-21T20:45:23+00:00\" \/>\n<meta property=\"og:image\" content=\"https:\/\/seniorbaja.com\/loginwp\/wp-content\/uploads\/2023\/02\/logo-senior-care-baja.png\" \/>\n\t<meta property=\"og:image:width\" content=\"147\" \/>\n\t<meta property=\"og:image:height\" content=\"80\" \/>\n\t<meta property=\"og:image:type\" content=\"image\/png\" \/>\n<meta name=\"twitter:card\" content=\"summary_large_image\" \/>\n<meta name=\"twitter:label1\" content=\"Tiempo de lectura\" \/>\n\t<meta name=\"twitter:data1\" content=\"1 minuto\" \/>\n<script type=\"application\/ld+json\" class=\"yoast-schema-graph\">{\"@context\":\"https:\/\/schema.org\",\"@graph\":[{\"@type\":\"WebPage\",\"@id\":\"https:\/\/seniorbaja.com\/loginwp\/locacion\/\",\"url\":\"https:\/\/seniorbaja.com\/loginwp\/locacion\/\",\"name\":\"Locaci\u00f3n y Contacto | Senior Care Baja Tijuana\",\"isPartOf\":{\"@id\":\"https:\/\/seniorbaja.com\/loginwp\/#website\"},\"datePublished\":\"2023-03-09T23:49:13+00:00\",\"dateModified\":\"2023-03-21T20:45:23+00:00\",\"description\":\"Si est\u00e1s buscando cuidados para mayores en Tijuana cont\u00e1ctanos o visitanos en cualquiera de nuestras locaciones. Senior Care Baja, tu mejor opci\u00f3n.\",\"breadcrumb\":{\"@id\":\"https:\/\/seniorbaja.com\/loginwp\/locacion\/#breadcrumb\"},\"inLanguage\":\"es\",\"potentialAction\":[{\"@type\":\"ReadAction\",\"target\":[\"https:\/\/seniorbaja.com\/loginwp\/locacion\/\"]}]},{\"@type\":\"BreadcrumbList\",\"@id\":\"https:\/\/seniorbaja.com\/loginwp\/locacion\/#breadcrumb\",\"itemListElement\":[{\"@type\":\"ListItem\",\"position\":1,\"name\":\"Portada\",\"item\":\"https:\/\/seniorbaja.com\/loginwp\/\"},{\"@type\":\"ListItem\",\"position\":2,\"name\":\"Locaci\u00f3n\"}]},{\"@type\":\"WebSite\",\"@id\":\"https:\/\/seniorbaja.com\/loginwp\/#website\",\"url\":\"https:\/\/seniorbaja.com\/loginwp\/\",\"name\":\"Senior Care\",\"description\":\"Ofrecemos servicios de vida asistida para aquellos que est\u00e1n en busca de asilos en Tijuana M\u00e9xico. En Senior Care Baja contamos con personal las 24 horas.\",\"publisher\":{\"@id\":\"https:\/\/seniorbaja.com\/loginwp\/#organization\"},\"potentialAction\":[{\"@type\":\"SearchAction\",\"target\":{\"@type\":\"EntryPoint\",\"urlTemplate\":\"https:\/\/seniorbaja.com\/loginwp\/?s={search_term_string}\"},\"query-input\":{\"@type\":\"PropertyValueSpecification\",\"valueRequired\":true,\"valueName\":\"search_term_string\"}}],\"inLanguage\":\"es\"},{\"@type\":\"Organization\",\"@id\":\"https:\/\/seniorbaja.com\/loginwp\/#organization\",\"name\":\"Senior Care\",\"url\":\"https:\/\/seniorbaja.com\/loginwp\/\",\"logo\":{\"@type\":\"ImageObject\",\"inLanguage\":\"es\",\"@id\":\"https:\/\/seniorbaja.com\/loginwp\/#\/schema\/logo\/image\/\",\"url\":\"https:\/\/seniorbaja.com\/loginwp\/wp-content\/uploads\/2023\/03\/Logo.png\",\"contentUrl\":\"https:\/\/seniorbaja.com\/loginwp\/wp-content\/uploads\/2023\/03\/Logo.png\",\"width\":147,\"height\":80,\"caption\":\"Senior Care\"},\"image\":{\"@id\":\"https:\/\/seniorbaja.com\/loginwp\/#\/schema\/logo\/image\/\"}}]}<\/script>\n<!-- \/ Yoast SEO plugin. -->","yoast_head_json":{"title":"Locaci\u00f3n y Contacto | Senior Care Baja Tijuana","description":"Si est\u00e1s buscando cuidados para mayores en Tijuana cont\u00e1ctanos o visitanos en cualquiera de nuestras locaciones. Senior Care Baja, tu mejor opci\u00f3n.","robots":{"index":"index","follow":"follow","max-snippet":"max-snippet:-1","max-image-preview":"max-image-preview:large","max-video-preview":"max-video-preview:-1"},"canonical":"https:\/\/seniorbaja.com\/loginwp\/locacion\/","og_locale":"es_ES","og_type":"article","og_title":"Locaci\u00f3n y Contacto | Senior Care Baja Tijuana","og_description":"Si est\u00e1s buscando cuidados para mayores en Tijuana cont\u00e1ctanos o visitanos en cualquiera de nuestras locaciones. Senior Care Baja, tu mejor opci\u00f3n.","og_url":"https:\/\/seniorbaja.com\/loginwp\/locacion\/","og_site_name":"Senior Care","article_modified_time":"2023-03-21T20:45:23+00:00","og_image":[{"width":147,"height":80,"url":"https:\/\/seniorbaja.com\/loginwp\/wp-content\/uploads\/2023\/02\/logo-senior-care-baja.png","type":"image\/png"}],"twitter_card":"summary_large_image","twitter_misc":{"Tiempo de lectura":"1 minuto"},"schema":{"@context":"https:\/\/schema.org","@graph":[{"@type":"WebPage","@id":"https:\/\/seniorbaja.com\/loginwp\/locacion\/","url":"https:\/\/seniorbaja.com\/loginwp\/locacion\/","name":"Locaci\u00f3n y Contacto | Senior Care Baja Tijuana","isPartOf":{"@id":"https:\/\/seniorbaja.com\/loginwp\/#website"},"datePublished":"2023-03-09T23:49:13+00:00","dateModified":"2023-03-21T20:45:23+00:00","description":"Si est\u00e1s buscando cuidados para mayores en Tijuana cont\u00e1ctanos o visitanos en cualquiera de nuestras locaciones. Senior Care Baja, tu mejor opci\u00f3n.","breadcrumb":{"@id":"https:\/\/seniorbaja.com\/loginwp\/locacion\/#breadcrumb"},"inLanguage":"es","potentialAction":[{"@type":"ReadAction","target":["https:\/\/seniorbaja.com\/loginwp\/locacion\/"]}]},{"@type":"BreadcrumbList","@id":"https:\/\/seniorbaja.com\/loginwp\/locacion\/#breadcrumb","itemListElement":[{"@type":"ListItem","position":1,"name":"Portada","item":"https:\/\/seniorbaja.com\/loginwp\/"},{"@type":"ListItem","position":2,"name":"Locaci\u00f3n"}]},{"@type":"WebSite","@id":"https:\/\/seniorbaja.com\/loginwp\/#website","url":"https:\/\/seniorbaja.com\/loginwp\/","name":"Senior Care","description":"Ofrecemos servicios de vida asistida para aquellos que est\u00e1n en busca de asilos en Tijuana M\u00e9xico. En Senior Care Baja contamos con personal las 24 horas.","publisher":{"@id":"https:\/\/seniorbaja.com\/loginwp\/#organization"},"potentialAction":[{"@type":"SearchAction","target":{"@type":"EntryPoint","urlTemplate":"https:\/\/seniorbaja.com\/loginwp\/?s={search_term_string}"},"query-input":{"@type":"PropertyValueSpecification","valueRequired":true,"valueName":"search_term_string"}}],"inLanguage":"es"},{"@type":"Organization","@id":"https:\/\/seniorbaja.com\/loginwp\/#organization","name":"Senior Care","url":"https:\/\/seniorbaja.com\/loginwp\/","logo":{"@type":"ImageObject","inLanguage":"es","@id":"https:\/\/seniorbaja.com\/loginwp\/#\/schema\/logo\/image\/","url":"https:\/\/seniorbaja.com\/loginwp\/wp-content\/uploads\/2023\/03\/Logo.png","contentUrl":"https:\/\/seniorbaja.com\/loginwp\/wp-content\/uploads\/2023\/03\/Logo.png","width":147,"height":80,"caption":"Senior Care"},"image":{"@id":"https:\/\/seniorbaja.com\/loginwp\/#\/schema\/logo\/image\/"}}]}},"_links":{"self":[{"href":"https:\/\/seniorbaja.com\/loginwp\/wp-json\/wp\/v2\/pages\/242613","targetHints":{"allow":["GET"]}}],"collection":[{"href":"https:\/\/seniorbaja.com\/loginwp\/wp-json\/wp\/v2\/pages"}],"about":[{"href":"https:\/\/seniorbaja.com\/loginwp\/wp-json\/wp\/v2\/types\/page"}],"author":[{"embeddable":true,"href":"https:\/\/seniorbaja.com\/loginwp\/wp-json\/wp\/v2\/users\/1"}],"replies":[{"embeddable":true,"href":"https:\/\/seniorbaja.com\/loginwp\/wp-json\/wp\/v2\/comments?post=242613"}],"version-history":[{"count":0,"href":"https:\/\/seniorbaja.com\/loginwp\/wp-json\/wp\/v2\/pages\/242613\/revisions"}],"wp:attachment":[{"href":"https:\/\/seniorbaja.com\/loginwp\/wp-json\/wp\/v2\/media?parent=242613"}],"curies":[{"name":"wp","href":"https:\/\/api.w.org\/{rel}","templated":true}]}}